{"id":915,"date":"2022-07-22T08:34:54","date_gmt":"2022-07-22T11:34:54","guid":{"rendered":"https:\/\/6-16streetwear.com.br\/?post_type=product&#038;p=915"},"modified":"2022-07-22T08:50:11","modified_gmt":"2022-07-22T11:50:11","slug":"mousepad-gamer-eg-403-preto-medio","status":"publish","type":"product","link":"https:\/\/6-16streetwear.com.br\/?product=mousepad-gamer-eg-403-preto-medio","title":{"rendered":"MOUSEPAD GAMER EG-403 PRETO MEDIO"},"content":{"rendered":"<h3><strong>EG-403 PRETO<\/strong><\/h3>\n<p><strong>FPS<\/strong><\/p>\n<p>Voc\u00ea est\u00e1 cada vez melhor nos games? Sente que seu mouse pad est\u00e1 pequeno demais para tamanha habilidade que voc\u00ea adquiriu? Apresentamos a solu\u00e7\u00e3o perfeita pra voc\u00ea.<\/p>\n<h3><strong>SUPERF\u00cdCIE<\/strong><\/h3>\n<p>Sinta-se livre! Seu layout possui largura de 45cm e altura de 40cm, possibilitando muito mais liberdade de movimentos e auxiliando na busca do headshot perfeito.<\/p>\n<p><strong>DESCRI\u00c7\u00c3O:<\/strong><\/p>\n<p><strong>Tamanho:<\/strong> 450 x 400 x 3.4 mm<\/p>\n<p>&nbsp;<\/p>\n<h3><strong>MATERIAL<\/strong><\/h3>\n<p><strong>Superf\u00edcie:<\/strong> Malha Poli\u00e9ster<\/p>\n<p><b>Base<\/b><strong>:<\/strong> Emborrachado<\/p>\n<p><strong>Borda:<\/strong> Costura de acabamento<\/p>\n<p>&nbsp;<\/p>\n<p>&nbsp;<\/p>\n","protected":false},"excerpt":{"rendered":"<p><strong>APRIMORE SEUS RESULTADOS<\/strong><\/p>\n<p>J\u00e1 parou para pensar que o gargalo para alcan\u00e7ar aquele lindo Head Shot ou que falta de agilidade para posicionar seu personagem certo, pode estar na qualidade da superf\u00edcie que voc\u00ea desliza seu mouse?<\/p>\n","protected":false},"featured_media":917,"template":"","meta":{"_joinchat":[]},"product_brand":[],"product_cat":[69,58],"product_tag":[76,71,63,65,70],"class_list":{"0":"post-915","1":"product","2":"type-product","3":"status-publish","6":"product_cat-acessorios-gamer","7":"product_cat-gamer","8":"product_tag-eg-403bk","9":"product_tag-emborrachado","10":"product_tag-gamer","11":"product_tag-jogo","12":"product_tag-mouisepad","14":"first","15":"instock","16":"taxable","17":"shipping-taxable","18":"purchasable","19":"product-type-simple"},"_links":{"self":[{"href":"https:\/\/6-16streetwear.com.br\/index.php?rest_route=\/wp\/v2\/product\/915","targetHints":{"allow":["GET"]}}],"collection":[{"href":"https:\/\/6-16streetwear.com.br\/index.php?rest_route=\/wp\/v2\/product"}],"about":[{"href":"https:\/\/6-16streetwear.com.br\/index.php?rest_route=\/wp\/v2\/types\/product"}],"wp:featuredmedia":[{"embeddable":true,"href":"https:\/\/6-16streetwear.com.br\/index.php?rest_route=\/wp\/v2\/media\/917"}],"wp:attachment":[{"href":"https:\/\/6-16streetwear.com.br\/index.php?rest_route=%2Fwp%2Fv2%2Fmedia&parent=915"}],"wp:term":[{"taxonomy":"product_brand","embeddable":true,"href":"https:\/\/6-16streetwear.com.br\/index.php?rest_route=%2Fwp%2Fv2%2Fproduct_brand&post=915"},{"taxonomy":"product_cat","embeddable":true,"href":"https:\/\/6-16streetwear.com.br\/index.php?rest_route=%2Fwp%2Fv2%2Fproduct_cat&post=915"},{"taxonomy":"product_tag","embeddable":true,"href":"https:\/\/6-16streetwear.com.br\/index.php?rest_route=%2Fwp%2Fv2%2Fproduct_tag&post=915"}],"curies":[{"name":"wp","href":"https:\/\/api.w.org\/{rel}","templated":true}]}}