{"id":882,"date":"2022-07-22T05:05:22","date_gmt":"2022-07-22T08:05:22","guid":{"rendered":"https:\/\/6-16streetwear.com.br\/?post_type=product&#038;p=882"},"modified":"2022-07-22T05:32:49","modified_gmt":"2022-07-22T08:32:49","slug":"teclado-gamer-mecanico-eg204-assault-blue-switch-com-fio-evolut","status":"publish","type":"product","link":"https:\/\/6-16streetwear.com.br\/?product=teclado-gamer-mecanico-eg204-assault-blue-switch-com-fio-evolut","title":{"rendered":"TECLADO GAMER MECANICO EG204 ASSAULT (BLUE SWITCH) COM FIO EVOLUT"},"content":{"rendered":"<p><strong>Projetado especialmente para jogos. Desenvolvido em layout Tournament, Oferece o essencial e deixa caminho de sobra para o restante da sua build.<\/strong><\/p>\n<p><strong>Descri\u00e7\u00e3o:<\/strong><\/p>\n<p><strong>Layout:<\/strong> EN de 87 nteclas<\/p>\n<p><strong>Perfil das Teclas:<\/strong> Altas<\/p>\n<p><strong>Acionamento:<\/strong> Mec\u00e2nico Blue. Switch (content)<\/p>\n<p><strong>Ilumina\u00e7\u00e3o:<\/strong> Sim, 12 teclas ativadas atrav\u00e9s de FN<\/p>\n<p>&nbsp;<\/p>\n<h3><strong>Informa\u00e7\u00f5es adicionais<\/strong><\/h3>\n<p><strong>Material do Cabo:<\/strong> Sleeved em Nylon<\/p>\n<p><strong>Tamanho:<\/strong> 358 x 190 x 45 MM<\/p>\n<p><strong>Comprimento do Cabo:<\/strong> 1,5 metros<\/p>\n<p><strong>Conex\u00e3o:<\/strong> USB 2,0<\/p>\n<p>&nbsp;<\/p>\n<p>&nbsp;<\/p>\n","protected":false},"excerpt":{"rendered":"<p>SWITCH BLUE<\/p>\n<p>Teclas 100% mec\u00e2nicas de n\u00edvel profissional, com acionamento e sensa\u00e7\u00e3o t\u00e1til sem igual.<\/p>\n","protected":false},"featured_media":885,"template":"","meta":{"_joinchat":[]},"product_brand":[],"product_cat":[58,61],"product_tag":[66,63,65,64,62],"class_list":{"0":"post-882","1":"product","2":"type-product","3":"status-publish","6":"product_cat-gamer","7":"product_cat-perifericos","8":"product_tag-eg204","9":"product_tag-gamer","10":"product_tag-jogo","11":"product_tag-mecanico","12":"product_tag-teclado","14":"first","15":"instock","16":"taxable","17":"shipping-taxable","18":"purchasable","19":"product-type-simple"},"_links":{"self":[{"href":"https:\/\/6-16streetwear.com.br\/index.php?rest_route=\/wp\/v2\/product\/882","targetHints":{"allow":["GET"]}}],"collection":[{"href":"https:\/\/6-16streetwear.com.br\/index.php?rest_route=\/wp\/v2\/product"}],"about":[{"href":"https:\/\/6-16streetwear.com.br\/index.php?rest_route=\/wp\/v2\/types\/product"}],"wp:featuredmedia":[{"embeddable":true,"href":"https:\/\/6-16streetwear.com.br\/index.php?rest_route=\/wp\/v2\/media\/885"}],"wp:attachment":[{"href":"https:\/\/6-16streetwear.com.br\/index.php?rest_route=%2Fwp%2Fv2%2Fmedia&parent=882"}],"wp:term":[{"taxonomy":"product_brand","embeddable":true,"href":"https:\/\/6-16streetwear.com.br\/index.php?rest_route=%2Fwp%2Fv2%2Fproduct_brand&post=882"},{"taxonomy":"product_cat","embeddable":true,"href":"https:\/\/6-16streetwear.com.br\/index.php?rest_route=%2Fwp%2Fv2%2Fproduct_cat&post=882"},{"taxonomy":"product_tag","embeddable":true,"href":"https:\/\/6-16streetwear.com.br\/index.php?rest_route=%2Fwp%2Fv2%2Fproduct_tag&post=882"}],"curies":[{"name":"wp","href":"https:\/\/api.w.org\/{rel}","templated":true}]}}