{"id":871,"date":"2022-07-21T10:01:49","date_gmt":"2022-07-21T13:01:49","guid":{"rendered":"https:\/\/6-16streetwear.com.br\/?post_type=product&#038;p=871"},"modified":"2022-07-21T10:03:36","modified_gmt":"2022-07-21T13:03:36","slug":"copo-termico-600ml-preto","status":"publish","type":"product","link":"https:\/\/6-16streetwear.com.br\/?product=copo-termico-600ml-preto","title":{"rendered":"Copo T\u00e9rmico 600ml Preto"},"content":{"rendered":"<p><strong>Copo em a\u00e7o inox trazendo muito estilo, praticidade e durabilidade ao dia a dia.<\/strong><\/p>\n<p><strong>Descri\u00e7\u00e3o:<\/strong><\/p>\n<p><strong>Tamanho:<\/strong> 9 x 18 x 9 cm<\/p>\n<p><strong>Material:<\/strong> A\u00e7o inox<\/p>\n<p><strong>Constru\u00e7\u00e3o:<\/strong> Copo com parede dupla e totalmente a v\u00e1cuo, livre de BPA.<\/p>\n<p><strong>Gelado:<\/strong> 3h<\/p>\n<p><strong>Quente:<\/strong> 5h<\/p>\n<p><strong>Com gelo:<\/strong> 12h<\/p>\n<p><strong>Capacidade total:<\/strong> 600ml<\/p>\n<p>&nbsp;<\/p>\n<p>&nbsp;<\/p>\n","protected":false},"excerpt":{"rendered":"<p>QUENTE O FRIO?<\/p>\n<p>O copo t\u00e9rmico, \u00e9 capaz de conservar sua bebida quente. Mas se preferir ela gelada, conte com a conserva\u00e7\u00e3o ou ainda se for com gelo use e abuse de muito frescor ao seu dispor.<\/p>\n","protected":false},"featured_media":872,"template":"","meta":{"_joinchat":[]},"product_brand":[],"product_cat":[58],"product_tag":[59,60],"class_list":{"0":"post-871","1":"product","2":"type-product","3":"status-publish","6":"product_cat-gamer","7":"product_tag-copo","8":"product_tag-termico-gamer","10":"first","11":"instock","12":"taxable","13":"shipping-taxable","14":"purchasable","15":"product-type-simple"},"_links":{"self":[{"href":"https:\/\/6-16streetwear.com.br\/index.php?rest_route=\/wp\/v2\/product\/871","targetHints":{"allow":["GET"]}}],"collection":[{"href":"https:\/\/6-16streetwear.com.br\/index.php?rest_route=\/wp\/v2\/product"}],"about":[{"href":"https:\/\/6-16streetwear.com.br\/index.php?rest_route=\/wp\/v2\/types\/product"}],"wp:featuredmedia":[{"embeddable":true,"href":"https:\/\/6-16streetwear.com.br\/index.php?rest_route=\/wp\/v2\/media\/872"}],"wp:attachment":[{"href":"https:\/\/6-16streetwear.com.br\/index.php?rest_route=%2Fwp%2Fv2%2Fmedia&parent=871"}],"wp:term":[{"taxonomy":"product_brand","embeddable":true,"href":"https:\/\/6-16streetwear.com.br\/index.php?rest_route=%2Fwp%2Fv2%2Fproduct_brand&post=871"},{"taxonomy":"product_cat","embeddable":true,"href":"https:\/\/6-16streetwear.com.br\/index.php?rest_route=%2Fwp%2Fv2%2Fproduct_cat&post=871"},{"taxonomy":"product_tag","embeddable":true,"href":"https:\/\/6-16streetwear.com.br\/index.php?rest_route=%2Fwp%2Fv2%2Fproduct_tag&post=871"}],"curies":[{"name":"wp","href":"https:\/\/api.w.org\/{rel}","templated":true}]}}