{"id":1197,"date":"2022-07-25T11:59:36","date_gmt":"2022-07-25T14:59:36","guid":{"rendered":"https:\/\/6-16streetwear.com.br\/?post_type=product&#038;p=1197"},"modified":"2022-07-26T00:33:35","modified_gmt":"2022-07-26T03:33:35","slug":"mouse-gamer-programavel-rgb-eg111-keppni-v2-com-fio-ultra-leve","status":"publish","type":"product","link":"https:\/\/6-16streetwear.com.br\/?product=mouse-gamer-programavel-rgb-eg111-keppni-v2-com-fio-ultra-leve","title":{"rendered":"MOUSE GAMER PROGRAMAVEL RGB EG111\/KEPPNI-V2 COM FIO (ULTRA LEVE)"},"content":{"rendered":"<h2><strong>PERFORMANCE<\/strong><\/h2>\n<p>Eleve seu n\u00edvel com o Mouse Gamer Keppni V2 EG-111 (Ultra Leve) Evolut Pro! Horas em live ou em treino, exigem muito que seus acess\u00f3rios sejam confort\u00e1veis e ergon\u00f4micos, Keppni \u00e9 ultraleve com apenas 65 gramas, design extremamente ergon\u00f4mico para n\u00e3o cansar e elevar seu n\u00edvel para um patamar muito mais profissional! Precis\u00e3o nos movimentos para buscar seus inimigos pixel por pixel! O mouse Keppni-V2 \u00e9 equipado com o Sensor Pixart 3325 que consegue entregar com qualidade todo seu desempenho nos seus games prediletos. Equipado com um exclusivo software onde voc\u00ea pode configurar todas suas prefer\u00eancias de cores de ilumina\u00e7\u00e3o, perfis de dpi e teclas program\u00e1veis. Esteja pronto para qualquer batalha com desempenho e estilo sem igual!<\/p>\n<p>&nbsp;<\/p>\n<p>&nbsp;<\/p>\n<p><strong>Descri\u00e7\u00e3o:<\/strong><\/p>\n<p><strong>Sensor:<\/strong> \u00d3ptico Pixard 3325<\/p>\n<p><strong>Resolu\u00e7\u00e3o:<\/strong> 1000 &#8211; 2000 &#8211; 3000 &#8211; 4000 &#8211; 6000 &#8211; 7000 = 10000 &#8211; 12000\u00a0 Dpi&#8217;s<\/p>\n<p><strong>Compatibilidade:<\/strong> Windows 7\/8\/10, Linux e Mac<\/p>\n<p><strong>Ilumina\u00e7\u00e3o: RGB<\/strong> Led Color \u00a0com efeitos program\u00e1veis com software<\/p>\n<p>&nbsp;<\/p>\n<h3><strong>Informa\u00e7\u00f5es adicionais<\/strong><\/h3>\n<p><strong>Tamanho:<\/strong> \u00a0138 x 68 x 36mm<\/p>\n<p><strong>Cabo<\/strong><\/p>\n<p><strong>Comprimento:<\/strong> 1,6 metros<\/p>\n<p><strong>Material:<\/strong> Emborrachado<\/p>\n<p><strong>Conex\u00e3o:<\/strong> USB<\/p>\n<p>&nbsp;<\/p>\n<p>&nbsp;<\/p>\n","protected":false},"excerpt":{"rendered":"<p>ERGONOMIA<\/p>\n<p>Design projetado para defender a melhor pegada com conforto, mesmo depois de horas de gamer play, nenhum disparo ser\u00e1 perdido.<\/p>\n","protected":false},"featured_media":1201,"template":"","meta":{"_joinchat":[]},"product_brand":[],"product_cat":[58,61],"product_tag":[91,63,65,78,80],"class_list":{"0":"post-1197","1":"product","2":"type-product","3":"status-publish","6":"product_cat-gamer","7":"product_cat-perifericos","8":"product_tag-eg-107","9":"product_tag-gamer","10":"product_tag-jogo","11":"product_tag-mouse","12":"product_tag-rayden","14":"first","15":"instock","16":"purchasable","17":"product-type-simple"},"_links":{"self":[{"href":"https:\/\/6-16streetwear.com.br\/index.php?rest_route=\/wp\/v2\/product\/1197","targetHints":{"allow":["GET"]}}],"collection":[{"href":"https:\/\/6-16streetwear.com.br\/index.php?rest_route=\/wp\/v2\/product"}],"about":[{"href":"https:\/\/6-16streetwear.com.br\/index.php?rest_route=\/wp\/v2\/types\/product"}],"wp:featuredmedia":[{"embeddable":true,"href":"https:\/\/6-16streetwear.com.br\/index.php?rest_route=\/wp\/v2\/media\/1201"}],"wp:attachment":[{"href":"https:\/\/6-16streetwear.com.br\/index.php?rest_route=%2Fwp%2Fv2%2Fmedia&parent=1197"}],"wp:term":[{"taxonomy":"product_brand","embeddable":true,"href":"https:\/\/6-16streetwear.com.br\/index.php?rest_route=%2Fwp%2Fv2%2Fproduct_brand&post=1197"},{"taxonomy":"product_cat","embeddable":true,"href":"https:\/\/6-16streetwear.com.br\/index.php?rest_route=%2Fwp%2Fv2%2Fproduct_cat&post=1197"},{"taxonomy":"product_tag","embeddable":true,"href":"https:\/\/6-16streetwear.com.br\/index.php?rest_route=%2Fwp%2Fv2%2Fproduct_tag&post=1197"}],"curies":[{"name":"wp","href":"https:\/\/api.w.org\/{rel}","templated":true}]}}