{"id":1191,"date":"2022-07-25T11:35:44","date_gmt":"2022-07-25T14:35:44","guid":{"rendered":"https:\/\/6-16streetwear.com.br\/?post_type=product&#038;p=1191"},"modified":"2022-07-25T11:59:21","modified_gmt":"2022-07-25T14:59:21","slug":"mouse-gamer-programavel-eg107-balder-com-fio","status":"publish","type":"product","link":"https:\/\/6-16streetwear.com.br\/?product=mouse-gamer-programavel-eg107-balder-com-fio","title":{"rendered":"MOUSE GAMER  PROGRAMAVEL EG107\/BALDER COM FIO"},"content":{"rendered":"<h2><strong>PERFORMANCE<\/strong><\/h2>\n<p><strong>Equipamos o mouse Balder com i sensor Pixart 3325 que consegue entregar com qualidade, tudo o seu desempenho em seus games prediletos.\u00a0<\/strong><\/p>\n<p><strong>RESOLU\u00c7\u00c3O<\/strong><\/p>\n<p>3 n\u00edveis de ajuste de resolu\u00e7\u00e3o pr\u00e9 programadas, chegando at\u00e9 2400 DPI.<\/p>\n<p><strong>Descri\u00e7\u00e3o:<\/strong><\/p>\n<p><strong>Sensor:<\/strong> \u00d3ptico Pixard 3325<\/p>\n<p><strong>Resolu\u00e7\u00e3o:<\/strong> 1000 &#8211; 2000 &#8211; 3000 &#8211; 4000 &#8211; 6000 &#8211; 7000 Dpi&#8217;s<\/p>\n<p><strong>Compatibilidade:<\/strong> Windows 7\/8\/10, Linux e Mac<\/p>\n<p><strong>Ilumina\u00e7\u00e3o: RGB<\/strong> Led Color com efeitos<\/p>\n<p>&nbsp;<\/p>\n<h3><strong>Informa\u00e7\u00f5es adicionais<\/strong><\/h3>\n<p><strong>Tamanho:<\/strong> 127 x 66,6 x 40,5 mm<\/p>\n<p><strong>Cabo<\/strong><\/p>\n<p><strong>Comprimento:<\/strong> 1,6 metros<\/p>\n<p><strong>Material:<\/strong> Emborrachado<\/p>\n<p><strong>Conex\u00e3o:<\/strong> USB<\/p>\n<p>&nbsp;<\/p>\n<p>&nbsp;<\/p>\n","protected":false},"excerpt":{"rendered":"<p>ERGONOMIA<\/p>\n<p>Design projetado para defender a melhor pegada com conforto, mesmo depois de horas de gamer play, nenhum disparo ser\u00e1 perdido.<\/p>\n","protected":false},"featured_media":1192,"template":"","meta":{"_joinchat":[]},"product_brand":[],"product_cat":[58,61],"product_tag":[91,63,65,78,80],"class_list":{"0":"post-1191","1":"product","2":"type-product","3":"status-publish","6":"product_cat-gamer","7":"product_cat-perifericos","8":"product_tag-eg-107","9":"product_tag-gamer","10":"product_tag-jogo","11":"product_tag-mouse","12":"product_tag-rayden","14":"first","15":"instock","16":"purchasable","17":"product-type-simple"},"_links":{"self":[{"href":"https:\/\/6-16streetwear.com.br\/index.php?rest_route=\/wp\/v2\/product\/1191","targetHints":{"allow":["GET"]}}],"collection":[{"href":"https:\/\/6-16streetwear.com.br\/index.php?rest_route=\/wp\/v2\/product"}],"about":[{"href":"https:\/\/6-16streetwear.com.br\/index.php?rest_route=\/wp\/v2\/types\/product"}],"wp:featuredmedia":[{"embeddable":true,"href":"https:\/\/6-16streetwear.com.br\/index.php?rest_route=\/wp\/v2\/media\/1192"}],"wp:attachment":[{"href":"https:\/\/6-16streetwear.com.br\/index.php?rest_route=%2Fwp%2Fv2%2Fmedia&parent=1191"}],"wp:term":[{"taxonomy":"product_brand","embeddable":true,"href":"https:\/\/6-16streetwear.com.br\/index.php?rest_route=%2Fwp%2Fv2%2Fproduct_brand&post=1191"},{"taxonomy":"product_cat","embeddable":true,"href":"https:\/\/6-16streetwear.com.br\/index.php?rest_route=%2Fwp%2Fv2%2Fproduct_cat&post=1191"},{"taxonomy":"product_tag","embeddable":true,"href":"https:\/\/6-16streetwear.com.br\/index.php?rest_route=%2Fwp%2Fv2%2Fproduct_tag&post=1191"}],"curies":[{"name":"wp","href":"https:\/\/api.w.org\/{rel}","templated":true}]}}