{"id":1186,"date":"2022-07-25T11:21:40","date_gmt":"2022-07-25T14:21:40","guid":{"rendered":"https:\/\/6-16streetwear.com.br\/?post_type=product&#038;p=1186"},"modified":"2022-07-25T11:29:11","modified_gmt":"2022-07-25T14:29:11","slug":"teclado-gamer-ranger-eg-208","status":"publish","type":"product","link":"https:\/\/6-16streetwear.com.br\/?product=teclado-gamer-ranger-eg-208","title":{"rendered":"TECLADO GAMER RANGER EG-208"},"content":{"rendered":"<p><strong>CONFI\u00c1VEL E MODERNO<\/strong><\/p>\n<p><strong>Adicione mais valor no visual e no conforto na sua build.<\/strong><\/p>\n<p>Design agressivo e backlight em led, transformam sua mesa com efeitos luminosos incr\u00edveis!<\/p>\n<p><b>ESPECIFICA\u00c7\u00d5ES<\/b><\/p>\n<p><b>Marca:<\/b>\u00a0Evolut<\/p>\n<p><b>Modelo:<\/b>\u00a0Blacksmith (EG-208); Cor: Preto<\/p>\n<p><b>Inclina\u00e7\u00e3o:<\/b>\u00a0Regul\u00e1vel<\/p>\n<p><b>Layout:<\/b>\u00a0ABNT2 de 104 Teclas<\/p>\n<p><b>Material:\u00a0<\/b>Pl\u00e1stico e Metal<\/p>\n<p><b>Perfil das teclas:<\/b>\u00a0Altas<\/p>\n<p><b>Antighosting:<\/b>\u00a0Suporte 26 Teclas rollover<\/p>\n<p><b>Acionamento:<\/b>\u00a0Mec\u00e2nico Blue Switch<\/p>\n<p><b>Multim\u00eddia:<\/b>\u00a0Sim, 12 teclas ativadas atrav\u00e9s de fn<\/p>\n<p><b>Ilumina\u00e7\u00e3o:<\/b>\u00a0Sim, com 9 LED Efeitos, controle de intensidade<\/p>\n<p><b>Material do Cabo:<\/b>\u00a0Emborrachado<\/p>\n<p><b>Comprimento do Cabo:<\/b>\u00a01,5 metros<\/p>\n<p><b>Conex\u00e3o:<\/b>\u00a0USB 2.0<\/p>\n<p><b>itens inclusos<\/b>\u00a0Teclado Manual<\/p>\n<p><b>GARANTIA<\/b>\u00a01 ano de garantia (9 meses de garantia contratual junto ao fabricante + 3 meses referentes \u00e0 garantia legal, nos termos do artigo 26, ii, do C\u00f3digo de Defesa do Consumidor)<\/p>\n<p>&nbsp;<\/p>\n<p>&nbsp;<\/p>\n","protected":false},"excerpt":{"rendered":"<p>SENSA\u00c7\u00c3O T\u00c1TIL<\/p>\n<p>Desenvolvido para proporcionar uma sensa\u00e7\u00e3o t\u00e1til amortecida e silenciosa para longas jogatinas independente do hor\u00e1rio.<\/p>\n<p>ULTRA CONFORT\u00c1VIL<\/p>\n<p>Layout pensando para ser confort\u00e1vel, para proporcionar bem estar mesmo ap\u00f3s longas horas de uso.<\/p>\n","protected":false},"featured_media":1187,"template":"","meta":{"_joinchat":[]},"product_brand":[],"product_cat":[58,61],"product_tag":[67,63,65,68,62],"class_list":{"0":"post-1186","1":"product","2":"type-product","3":"status-publish","6":"product_cat-gamer","7":"product_cat-perifericos","8":"product_tag-eg-206","9":"product_tag-gamer","10":"product_tag-jogo","11":"product_tag-membrana","12":"product_tag-teclado","14":"first","15":"instock","16":"purchasable","17":"product-type-simple"},"_links":{"self":[{"href":"https:\/\/6-16streetwear.com.br\/index.php?rest_route=\/wp\/v2\/product\/1186","targetHints":{"allow":["GET"]}}],"collection":[{"href":"https:\/\/6-16streetwear.com.br\/index.php?rest_route=\/wp\/v2\/product"}],"about":[{"href":"https:\/\/6-16streetwear.com.br\/index.php?rest_route=\/wp\/v2\/types\/product"}],"wp:featuredmedia":[{"embeddable":true,"href":"https:\/\/6-16streetwear.com.br\/index.php?rest_route=\/wp\/v2\/media\/1187"}],"wp:attachment":[{"href":"https:\/\/6-16streetwear.com.br\/index.php?rest_route=%2Fwp%2Fv2%2Fmedia&parent=1186"}],"wp:term":[{"taxonomy":"product_brand","embeddable":true,"href":"https:\/\/6-16streetwear.com.br\/index.php?rest_route=%2Fwp%2Fv2%2Fproduct_brand&post=1186"},{"taxonomy":"product_cat","embeddable":true,"href":"https:\/\/6-16streetwear.com.br\/index.php?rest_route=%2Fwp%2Fv2%2Fproduct_cat&post=1186"},{"taxonomy":"product_tag","embeddable":true,"href":"https:\/\/6-16streetwear.com.br\/index.php?rest_route=%2Fwp%2Fv2%2Fproduct_tag&post=1186"}],"curies":[{"name":"wp","href":"https:\/\/api.w.org\/{rel}","templated":true}]}}