{"id":1179,"date":"2022-07-25T11:06:07","date_gmt":"2022-07-25T14:06:07","guid":{"rendered":"https:\/\/6-16streetwear.com.br\/?post_type=product&#038;p=1179"},"modified":"2022-07-25T11:14:19","modified_gmt":"2022-07-25T14:14:19","slug":"teclado-gamer-ranger-eg-207","status":"publish","type":"product","link":"https:\/\/6-16streetwear.com.br\/?product=teclado-gamer-ranger-eg-207","title":{"rendered":"TECLADO GAMER RANGER EG-207"},"content":{"rendered":"<p><strong>CONFI\u00c1VEL E MODERNO<\/strong><\/p>\n<p><strong>Adicione mais valor no visual e no conforto na sua build.<\/strong><\/p>\n<p>Design agressivo e backlight em led, transformam sua mesa com efeitos luminosos incr\u00edveis!<\/p>\n<p><strong>Descri\u00e7\u00e3o:<\/strong><\/p>\n<p><strong>Layout:<\/strong> EN (Interroga\u00e7\u00e3o Alt GR + W)<\/p>\n<p><strong>Perfil das Teclas:<\/strong> Medias<\/p>\n<p><strong>Antighosting:<\/strong> N\u00e3o<\/p>\n<p><strong>Acionamento:<\/strong> Membrana<\/p>\n<p><strong>Ilumina\u00e7\u00e3o:<\/strong> Rainbow<\/p>\n<p>&nbsp;<\/p>\n<h3><strong>Informa\u00e7\u00f5es adicionais<\/strong><\/h3>\n<p><strong>Material do Cabo:<\/strong> Emborrachado<\/p>\n<p><b>Multim\u00eddia<\/b><strong>:<\/strong> N\u00e3o<\/p>\n<p><strong>Comprimento do Cabo:<\/strong> 1,5 metros<\/p>\n<p><strong>Conex\u00e3o:<\/strong> USB 2,0<\/p>\n<p>&nbsp;<\/p>\n<p>&nbsp;<\/p>\n","protected":false},"excerpt":{"rendered":"<p>SENSA\u00c7\u00c3O T\u00c1TIL<\/p>\n<p>Desenvolvido para proporcionar uma sensa\u00e7\u00e3o t\u00e1til amortecida e silenciosa para longas jogatinas independente do hor\u00e1rio.<\/p>\n<p>ULTRA CONFORT\u00c1VIL<\/p>\n<p>Layout pensando para ser confort\u00e1vel, para proporcionar bem estar mesmo ap\u00f3s longas horas de uso.<\/p>\n","protected":false},"featured_media":1183,"template":"","meta":{"_joinchat":[]},"product_brand":[],"product_cat":[58,61],"product_tag":[67,63,65,68,62],"class_list":{"0":"post-1179","1":"product","2":"type-product","3":"status-publish","6":"product_cat-gamer","7":"product_cat-perifericos","8":"product_tag-eg-206","9":"product_tag-gamer","10":"product_tag-jogo","11":"product_tag-membrana","12":"product_tag-teclado","14":"first","15":"instock","16":"purchasable","17":"product-type-simple"},"_links":{"self":[{"href":"https:\/\/6-16streetwear.com.br\/index.php?rest_route=\/wp\/v2\/product\/1179","targetHints":{"allow":["GET"]}}],"collection":[{"href":"https:\/\/6-16streetwear.com.br\/index.php?rest_route=\/wp\/v2\/product"}],"about":[{"href":"https:\/\/6-16streetwear.com.br\/index.php?rest_route=\/wp\/v2\/types\/product"}],"wp:featuredmedia":[{"embeddable":true,"href":"https:\/\/6-16streetwear.com.br\/index.php?rest_route=\/wp\/v2\/media\/1183"}],"wp:attachment":[{"href":"https:\/\/6-16streetwear.com.br\/index.php?rest_route=%2Fwp%2Fv2%2Fmedia&parent=1179"}],"wp:term":[{"taxonomy":"product_brand","embeddable":true,"href":"https:\/\/6-16streetwear.com.br\/index.php?rest_route=%2Fwp%2Fv2%2Fproduct_brand&post=1179"},{"taxonomy":"product_cat","embeddable":true,"href":"https:\/\/6-16streetwear.com.br\/index.php?rest_route=%2Fwp%2Fv2%2Fproduct_cat&post=1179"},{"taxonomy":"product_tag","embeddable":true,"href":"https:\/\/6-16streetwear.com.br\/index.php?rest_route=%2Fwp%2Fv2%2Fproduct_tag&post=1179"}],"curies":[{"name":"wp","href":"https:\/\/api.w.org\/{rel}","templated":true}]}}